{"id":32,"date":"2016-12-09T13:31:22","date_gmt":"2016-12-09T12:31:22","guid":{"rendered":"http:\/\/kfdstaging.finessebrands.com\/\/fr\/?page_id=32"},"modified":"2021-06-04T15:57:52","modified_gmt":"2021-06-04T13:57:52","slug":"a-propos","status":"publish","type":"page","link":"https:\/\/kfd.kinepolis.be\/fr\/a-propos\/","title":{"rendered":"\u00c0 Propos"},"content":{"rendered":"<p>&nbsp;<\/p>\n<p>Depuis sa cr\u00e9ation en 1997, Kinepolis Film Distribution (KFD) est actif comme distributeur ind\u00e9pendant de films locaux et internationaux en Belgique et au Luxembourg.<\/p>\n<p>En tant que sp\u00e9cialiste de la distribution de films flamands, KFD occupe \u00e0 pr\u00e9sent une place distinctive dans le paysage cin\u00e9matographique belge.\u00a0 Les plus grands succ\u00e8s furent entre autres LA M\u00c9MOIRE DU TUEUR (De Zaak Alzheimer de Erik Van Looy), HASTA LA VISTA, T\u00caTE DE BOEUF (Rundskop, nomin\u00e9 aux Oscars en 2012), LA MERDITUDE DES CHOSES (Felix van Groeningen), MARINA (de Stijn Coninx) et THE BROKEN CIRCLE BREAKDOWN (nomin\u00e9 aux Oscars en 2014).\u00a0 En 2017 nous notions un grand succ\u00e8s pour e.a. LE FID\u00c8LE de Micha\u00ebl R. Roskam avec Matthias Schoenaerts et Ad\u00e8le Exarchopoulos, et DOUBLE FACE de Jan Verheyen avec Koen De Bouw.<\/p>\n<p>2018 a tr\u00e8s bien d\u00e9marr\u00e9 avec PATSER du duo Adil El Arbi et Bilall Fallah.<\/p>\n<p>KFD collabore \u00e9galement avec la soci\u00e9t\u00e9 n\u00e9erlandaise Dutch FilmWorks (DFW).\u00a0 Dans le cadre de cette collaboration, KFD distribue les films de leur catalogue en Belgique et au Luxembourg.<\/p>\n<p>&nbsp;<\/p>\n<p><strong>Kinepolis Film Distribution<\/strong><\/p>\n<p>Bd du Centenaire 20, 1020 Bruxelles<\/p>\n<p>E-mail: <a href=\"mailto:kfd@kinepolis.com\">kfd@kinepolis.com<\/a><\/p>\n<p><span style=\"border-radius: 2px; text-indent: 20px; width: auto; padding: 0px 4px 0px 0px; text-align: center; font: bold 11px\/20px 'Helvetica Neue',Helvetica,sans-serif; color: #ffffff; background: #bd081c no-repeat scroll 3px 50% \/ 14px 14px; position: absolute; opacity: 1; z-index: 8675309; display: none; cursor: pointer; top: 36px; left: 20px;\">Bewaren<\/span><\/p>\n","protected":false},"excerpt":{"rendered":"<p>&nbsp; Depuis sa cr\u00e9ation en 1997, Kinepolis Film Distribution (KFD) est actif comme distributeur ind\u00e9pendant de films locaux et internationaux en Belgique et au Luxembourg. En tant que sp\u00e9cialiste de la distribution de films flamands, KFD occupe \u00e0 pr\u00e9sent une place distinctive dans le paysage cin\u00e9matographique belge.\u00a0 Les plus grands succ\u00e8s furent entre autres LA &hellip; <a href=\"https:\/\/kfd.kinepolis.be\/fr\/a-propos\/\" class=\"more-link\">Continue reading <span class=\"screen-reader-text\">\u00c0 Propos<\/span><\/a><\/p>\n","protected":false},"author":1,"featured_media":0,"parent":0,"menu_order":13,"comment_status":"closed","ping_status":"closed","template":"template-over-kfd.php","meta":{"_expiration-date-status":"saved","_expiration-date":0,"_expiration-date-type":"","_expiration-date-categories":[],"_expiration-date-options":[]},"acf":[],"_links":{"self":[{"href":"https:\/\/kfd.kinepolis.be\/fr\/wp-json\/wp\/v2\/pages\/32"}],"collection":[{"href":"https:\/\/kfd.kinepolis.be\/fr\/wp-json\/wp\/v2\/pages"}],"about":[{"href":"https:\/\/kfd.kinepolis.be\/fr\/wp-json\/wp\/v2\/types\/page"}],"author":[{"embeddable":true,"href":"https:\/\/kfd.kinepolis.be\/fr\/wp-json\/wp\/v2\/users\/1"}],"replies":[{"embeddable":true,"href":"https:\/\/kfd.kinepolis.be\/fr\/wp-json\/wp\/v2\/comments?post=32"}],"version-history":[{"count":11,"href":"https:\/\/kfd.kinepolis.be\/fr\/wp-json\/wp\/v2\/pages\/32\/revisions"}],"predecessor-version":[{"id":3989,"href":"https:\/\/kfd.kinepolis.be\/fr\/wp-json\/wp\/v2\/pages\/32\/revisions\/3989"}],"wp:attachment":[{"href":"https:\/\/kfd.kinepolis.be\/fr\/wp-json\/wp\/v2\/media?parent=32"}],"curies":[{"name":"wp","href":"https:\/\/api.w.org\/{rel}","templated":true}]}}