{"id":165,"date":"2017-01-25T12:56:58","date_gmt":"2017-01-25T11:56:58","guid":{"rendered":"http:\/\/kfdstaging.finessebrands.com\/\/?page_id=165\/"},"modified":"2017-01-25T12:56:58","modified_gmt":"2017-01-25T11:56:58","slug":"thanks","status":"publish","type":"page","link":"https:\/\/kfd.kinepolis.be\/fr\/thanks\/","title":{"rendered":"Thanks"},"content":{"rendered":"<h1 style=\"text-align: center;\">Merci !<\/h1>\n<h2 style=\"text-align: center;\">vos donn\u00e9es ont bien \u00e9t\u00e9 enregistr\u00e9es !<\/h2>\n","protected":false},"excerpt":{"rendered":"<p>Merci ! vos donn\u00e9es ont bien \u00e9t\u00e9 enregistr\u00e9es !<\/p>\n","protected":false},"author":1,"featured_media":0,"parent":0,"menu_order":0,"comment_status":"closed","ping_status":"closed","template":"template-thanks.php","meta":{"_expiration-date-status":"","_expiration-date":0,"_expiration-date-type":"","_expiration-date-categories":[],"_expiration-date-options":[]},"acf":[],"_links":{"self":[{"href":"https:\/\/kfd.kinepolis.be\/fr\/wp-json\/wp\/v2\/pages\/165"}],"collection":[{"href":"https:\/\/kfd.kinepolis.be\/fr\/wp-json\/wp\/v2\/pages"}],"about":[{"href":"https:\/\/kfd.kinepolis.be\/fr\/wp-json\/wp\/v2\/types\/page"}],"author":[{"embeddable":true,"href":"https:\/\/kfd.kinepolis.be\/fr\/wp-json\/wp\/v2\/users\/1"}],"replies":[{"embeddable":true,"href":"https:\/\/kfd.kinepolis.be\/fr\/wp-json\/wp\/v2\/comments?post=165"}],"version-history":[{"count":1,"href":"https:\/\/kfd.kinepolis.be\/fr\/wp-json\/wp\/v2\/pages\/165\/revisions"}],"predecessor-version":[{"id":166,"href":"https:\/\/kfd.kinepolis.be\/fr\/wp-json\/wp\/v2\/pages\/165\/revisions\/166"}],"wp:attachment":[{"href":"https:\/\/kfd.kinepolis.be\/fr\/wp-json\/wp\/v2\/media?parent=165"}],"curies":[{"name":"wp","href":"https:\/\/api.w.org\/{rel}","templated":true}]}}